{"id":143,"date":"2025-07-23T18:50:48","date_gmt":"2025-07-23T16:50:48","guid":{"rendered":"http:\/\/altel.mx\/altelcdjz\/?page_id=143"},"modified":"2025-09-06T20:27:09","modified_gmt":"2025-09-06T18:27:09","slug":"quienes-somos","status":"publish","type":"page","link":"http:\/\/altel.mx\/altelcdjz\/quienes-somos\/","title":{"rendered":"\u00bfQui\u00e9nes somos?"},"content":{"rendered":"\t\t<div data-elementor-type=\"wp-page\" data-elementor-id=\"143\" class=\"elementor elementor-143\">\n\t\t\t\t<div class=\"elementor-element elementor-element-1be2b4da e-con-full e-flex e-con e-parent\" data-id=\"1be2b4da\" data-element_type=\"container\">\n\t\t\t\t<div class=\"elementor-element elementor-element-171f04d1 elementor-widget elementor-widget-text-editor\" data-id=\"171f04d1\" data-element_type=\"widget\" data-widget_type=\"text-editor.default\">\n\t\t\t\t\t\t\t\t\t<div class=\"about-us-container\">\n<p><span style=\"font-size: 1.5rem; font-style: inherit; text-transform: inherit; letter-spacing: 0.01em;\"><br>Desde 1990, en&nbsp;<\/span><strong style=\"font-size: 1.5rem; font-style: inherit; text-transform: inherit; letter-spacing: 0.01em;\">Altel Sistemas de Seguridad<\/strong><span style=\"font-size: 1.5rem; font-style: inherit; text-transform: inherit; letter-spacing: 0.01em;\">&nbsp;hemos consolidado nuestra trayectoria como referentes en soluciones integrales de protecci\u00f3n y monitoreo. Tres d\u00e9cadas de experiencia nos avalan, respaldadas por tecnolog\u00eda de vanguardia, atenci\u00f3n personalizada y un firme compromiso con la excelencia en cada proyecto. Nuestro secreto: combinar el conocimiento acumulado durante a\u00f1os con est\u00e1ndares de calidad superiores, adapt\u00e1ndonos a las necesidades de hogares, negocios e instituciones. La confianza de nuestros clientes, cimentada en dedicaci\u00f3n y resultados, es el motor que nos impulsa a innovar y garantizar su seguridad d\u00eda a d\u00eda.<\/span><\/p>\n<section class=\"about-hero\">\n<div class=\"about-hero-content\">\n<h1><span style=\"color: #ffffff;\">Nuestro objetivo<\/span><\/h1>\n<p>Ser su<strong>&nbsp;<\/strong>aliado en seguridad<em>,<\/em> ofreciendo soluciones accesibles, tecnolog\u00eda confiable y atenci\u00f3n personalizada para<em><strong>&nbsp;<\/strong><\/em>proteger sus bienes y garantizar su tranquilidad.<\/p>\n<\/div>\n<div class=\"about-hero-image\"><img decoding=\"async\" src=\"http:\/\/altel.mx\/altelcdjz\/wp-content\/uploads\/2025\/07\/altelbw.png\" alt=\"Objetivo de ALTEL Sistemas de Seguridad\"><\/div>\n<\/section>\n<section class=\"about-mission\">\n<div class=\"mission-text\">\n<h2>Nuestra misi\u00f3n<\/h2>\n<p>Brindar tranquilidad y seguridad a trav\u00e9s de soluciones innovadoras y un equipo de profesionales altamente capacitados.<\/p>\n<h2>Nuestra visi\u00f3n<\/h2>\n<p>Convertirnos en&nbsp;el l\u00edder de seguridad electr\u00f3nica en M\u00e9xico, siendo reconocidos por nuestra&nbsp;innovaci\u00f3n, confianza inquebrantable y protecci\u00f3n integral, respaldada por tecnolog\u00eda de vanguardia y talento humano excepcional.<\/p>\n<\/div>\n<figure><img decoding=\"async\" src=\"http:\/\/altel.mx\/altelcdjz\/wp-content\/uploads\/2025\/07\/tecnico-instalando-sistema-alarma-acceso-seguridad_1016675-3073.avif\" alt=\"Equipo ALTEL instalando c\u00e1maras de seguridad\"><\/figure>\n<\/section>\n<p><!-- Valores y Servicios --><\/p>\n<section class=\"about-values\">\n<h2>Nuestros valores<\/h2>\n<div class=\"values-grid\">\n<div class=\"value-card\">\n<h3>CONFIANZA<\/h3>\n<p><span style=\"color: #333333;\">Construimos relaciones<\/span><br><span style=\"color: #333333;\">basadas en la honestidad y<\/span><br><span style=\"color: #333333;\">el respeto.<\/span><\/p>\n<\/div>\n<div class=\"value-card\">\n<h3>INNOVACI\u00d3N<\/h3>\n<p><span style=\"color: #333333;\">Mejoramos constantemente<\/span><br><span style=\"color: #333333;\">mediante tecnolog\u00eda avanzada.<\/span><\/p>\n<\/div>\n<div class=\"value-card\">\n<h3>CALIDAD<\/h3>\n<p><span style=\"color: #333333;\">Ofrecemos atenci\u00f3n profesional<\/span><br><span style=\"color: #333333;\">y soluciones eficientes para<\/span><br><span style=\"color: #333333;\">cada cliente.<\/span><\/p>\n<\/div>\n<div class=\"value-card\">\n<h3>COMPROMISO<\/h3>\n<p>Protegemos con<br>responsabilidad lo que m\u00e1s<br>importa a nuestros clientes.<\/p>\n<\/div>\n<\/div>\n<\/section>\n<\/div>\n<p><!-- \/wp:html --><\/p>\t\t\t\t\t\t\t\t<\/div>\n\t\t\t\t<\/div>\n\t\t<div class=\"elementor-element elementor-element-41fcfa7 e-flex e-con-boxed e-con e-parent\" data-id=\"41fcfa7\" data-element_type=\"container\">\n\t\t\t\t\t<div class=\"e-con-inner\">\n\t\t\t\t\t<\/div>\n\t\t\t\t<\/div>\n\t\t\t\t<\/div>\n\t\t","protected":false},"excerpt":{"rendered":"<p>Desde 1990, en&nbsp;Altel Sistemas de Seguridad&nbsp;hemos consolidado nuestra trayectoria como referentes en soluciones integrales de protecci\u00f3n y monitoreo. Tres d\u00e9cadas de experiencia nos avalan, respaldadas por tecnolog\u00eda de vanguardia, atenci\u00f3n&hellip;<\/p>\n","protected":false},"author":1,"featured_media":0,"parent":0,"menu_order":0,"comment_status":"closed","ping_status":"closed","template":"","meta":{"footnotes":""},"class_list":["post-143","page","type-page","status-publish","hentry"],"_links":{"self":[{"href":"http:\/\/altel.mx\/altelcdjz\/wp-json\/wp\/v2\/pages\/143","targetHints":{"allow":["GET"]}}],"collection":[{"href":"http:\/\/altel.mx\/altelcdjz\/wp-json\/wp\/v2\/pages"}],"about":[{"href":"http:\/\/altel.mx\/altelcdjz\/wp-json\/wp\/v2\/types\/page"}],"author":[{"embeddable":true,"href":"http:\/\/altel.mx\/altelcdjz\/wp-json\/wp\/v2\/users\/1"}],"replies":[{"embeddable":true,"href":"http:\/\/altel.mx\/altelcdjz\/wp-json\/wp\/v2\/comments?post=143"}],"version-history":[{"count":127,"href":"http:\/\/altel.mx\/altelcdjz\/wp-json\/wp\/v2\/pages\/143\/revisions"}],"predecessor-version":[{"id":804,"href":"http:\/\/altel.mx\/altelcdjz\/wp-json\/wp\/v2\/pages\/143\/revisions\/804"}],"wp:attachment":[{"href":"http:\/\/altel.mx\/altelcdjz\/wp-json\/wp\/v2\/media?parent=143"}],"curies":[{"name":"wp","href":"https:\/\/api.w.org\/{rel}","templated":true}]}}