{"id":442,"date":"2025-08-09T18:30:25","date_gmt":"2025-08-09T16:30:25","guid":{"rendered":"http:\/\/altel.mx\/altelcdjz\/?page_id=442"},"modified":"2025-09-06T19:50:01","modified_gmt":"2025-09-06T17:50:01","slug":"cctv","status":"publish","type":"page","link":"http:\/\/altel.mx\/altelcdjz\/cctv\/","title":{"rendered":"CCTV"},"content":{"rendered":"\t\t<div data-elementor-type=\"wp-page\" data-elementor-id=\"442\" class=\"elementor elementor-442\">\n\t\t\t\t<div class=\"elementor-element elementor-element-4e2b1aa e-flex e-con-boxed e-con e-parent\" data-id=\"4e2b1aa\" data-element_type=\"container\">\n\t\t\t\t\t<div class=\"e-con-inner\">\n\t\t\t\t<div class=\"elementor-element elementor-element-253e6ae elementor-widget elementor-widget-text-editor\" data-id=\"253e6ae\" data-element_type=\"widget\" data-widget_type=\"text-editor.default\">\n\t\t\t\t\t\t\t\t\t<div class=\"cctv-container\">\n<p>&nbsp;<span style=\"font-size: 1.6rem; font-style: inherit; letter-spacing: 0.01em; text-transform: inherit;\">En <\/span><span style=\"font-size: 1.6rem; font-style: inherit; letter-spacing: 0.01em; text-transform: inherit; color: rgb(0, 0, 128);\"><strong>Altel Sistemas de Seguridad<\/strong><\/span><span style=\"font-size: 1.6rem; font-style: inherit; letter-spacing: 0.01em; text-transform: inherit;\"> ofrecemos soluciones de videovigilancia adaptadas a tus necesidades. M\u00e1s de 30 a\u00f1os de experiencia nos avalan en la instalaci\u00f3n de sistemas CCTV de alta calidad para proteger lo que m\u00e1s te importa.<\/span><\/p>\n<p><br><\/p>\n<p><!-- Hero Section --><\/p>\n<section class=\"cctv-hero\">\n<div class=\"cctv-hero-content\">\n<h1><span style=\"color: #ffffff;\">Sistemas de CCTV Profesional<\/span><\/h1>\n<p>Vigilancia <strong>24\/7<\/strong> con tecnolog\u00eda de punta, monitoreo remoto y almacenamiento seguro de video para tu hogar o negocio.<\/p>\n<\/div>\n<div class=\"cctv-hero-image\"><img decoding=\"async\" class=\"alignnone size-medium wp-image-472\" src=\"http:\/\/altel.mx\/altelcdjz\/wp-content\/uploads\/2025\/08\/Modern-CCTV-camera-on-a-wall.jpg\" alt=\"\" width=\"300\" height=\"150\" srcset=\"http:\/\/altel.mx\/altelcdjz\/wp-content\/uploads\/2025\/08\/Modern-CCTV-camera-on-a-wall.jpg 1680w, http:\/\/altel.mx\/altelcdjz\/wp-content\/uploads\/2025\/08\/Modern-CCTV-camera-on-a-wall-300x150.jpg 300w, http:\/\/altel.mx\/altelcdjz\/wp-content\/uploads\/2025\/08\/Modern-CCTV-camera-on-a-wall-1024x512.jpg 1024w, http:\/\/altel.mx\/altelcdjz\/wp-content\/uploads\/2025\/08\/Modern-CCTV-camera-on-a-wall-768x384.jpg 768w, http:\/\/altel.mx\/altelcdjz\/wp-content\/uploads\/2025\/08\/Modern-CCTV-camera-on-a-wall-1536x768.jpg 1536w\" sizes=\"(max-width: 300px) 100vw, 300px\" \/><\/div>\n<\/section>\n<p><!-- Qu\u00e9 es CCTV --><\/p>\n<section class=\"cctv-section\">\n<div class=\"cctv-text\">\n<h2 class=\"cctv-title\">\u00bfQu\u00e9 es CCTV?<\/h2>\n<p>Un Circuito Cerrado de Televisi\u00f3n (CCTV) es un sistema de videovigilancia dise\u00f1ado para supervisar \u00e1reas espec\u00edficas mediante c\u00e1maras conectadas a monitores y dispositivos de grabaci\u00f3n. En Altel implementamos soluciones personalizadas que se adaptan a tus requerimientos de seguridad.<\/p>\n<\/div>\n<figure><img fetchpriority=\"high\" decoding=\"async\" class=\"size-medium wp-image-470 aligncenter\" src=\"http:\/\/altel.mx\/altelcdjz\/wp-content\/uploads\/2025\/08\/cctv.webp\" alt=\"\" width=\"300\" height=\"194\" srcset=\"http:\/\/altel.mx\/altelcdjz\/wp-content\/uploads\/2025\/08\/cctv.webp 480w, http:\/\/altel.mx\/altelcdjz\/wp-content\/uploads\/2025\/08\/cctv-300x194.webp 300w\" sizes=\"(max-width: 300px) 100vw, 300px\" \/><\/figure>\n<\/section>\n<p><!-- Nuestras Soluciones --><\/p>\n<section class=\"cctv-solutions\">\n<h2 class=\"cctv-title\">Nuestras Soluciones CCTV<\/h2>\n<div class=\"solutions-grid\">\n<div class=\"solution-card\">\n<h3>C\u00c1MARAS DE VIGILANCIA<\/h3>\n<ul>\n<li>C\u00e1maras IP de alta resoluci\u00f3n<\/li>\n<li>C\u00e1maras PTZ con zoom y movimiento<\/li>\n<li>C\u00e1maras bullet y dome para interior\/exterior<\/li>\n<li>C\u00e1maras con visi\u00f3n nocturna<\/li>\n<\/ul>\n<\/div>\n<div class=\"solution-card\">\n<h3>SISTEMAS DE GRABACI\u00d3N<\/h3>\n<ul>\n<li>DVR y NVR de 4 a 32 canales<\/li>\n<li>Almacenamiento expandible<\/li>\n<li>Grabaci\u00f3n continua o por detecci\u00f3n<\/li>\n<li>Respaldo en la nube disponible<\/li>\n<\/ul>\n<\/div>\n<div class=\"solution-card\">\n<h3>MONITOREO INTELIGENTE<\/h3>\n<ul>\n<li>Aplicaci\u00f3n m\u00f3vil gratuita<\/li>\n<li>Alertas en tiempo real<\/li>\n<li>Acceso remoto desde cualquier dispositivo<\/li>\n<li>Integraci\u00f3n con otros sistemas de seguridad<\/li>\n<\/ul>\n<\/div>\n<\/div>\n<\/section>\n<p><!-- Beneficios --><\/p>\n<section class=\"cctv-benefits\">\n<h2 class=\"cctv-title\">Beneficios de Nuestros Sistemas<\/h2>\n<div class=\"benefits-content\">\n<div class=\"benefits-text\">\n<ul>\n<li><strong>Disuasi\u00f3n de robos:<\/strong> Reduce la probabilidad de intrusiones en un 80%<\/li>\n<li><strong>Evidencia contundente:<\/strong> Grabaciones en alta definici\u00f3n<\/li>\n<li><strong>Monitoreo remoto:<\/strong> Vigila tu propiedad desde cualquier lugar<\/li>\n<li><strong>Instalaci\u00f3n profesional:<\/strong> Por t\u00e9cnicos certificados<\/li>\n<li><strong>Soporte 24\/7:<\/strong> Asistencia t\u00e9cnica permanente<\/li>\n<\/ul>\n<\/div>\n<div class=\"benefits-image\"><img decoding=\"async\" class=\"size-medium wp-image-473 alignleft\" src=\"http:\/\/altel.mx\/altelcdjz\/wp-content\/uploads\/2025\/08\/cctv5.jpg\" alt=\"\" width=\"300\" height=\"169\" srcset=\"http:\/\/altel.mx\/altelcdjz\/wp-content\/uploads\/2025\/08\/cctv5.jpg 1200w, http:\/\/altel.mx\/altelcdjz\/wp-content\/uploads\/2025\/08\/cctv5-300x169.jpg 300w, http:\/\/altel.mx\/altelcdjz\/wp-content\/uploads\/2025\/08\/cctv5-1024x576.jpg 1024w, http:\/\/altel.mx\/altelcdjz\/wp-content\/uploads\/2025\/08\/cctv5-768x432.jpg 768w\" sizes=\"(max-width: 300px) 100vw, 300px\" \/><\/div>\n<\/div>\n<\/section>\n<\/div>\t\t\t\t\t\t\t\t<\/div>\n\t\t\t\t\t<\/div>\n\t\t\t\t<\/div>\n\t\t\t\t<\/div>\n\t\t","protected":false},"excerpt":{"rendered":"<p>&nbsp;En Altel Sistemas de Seguridad ofrecemos soluciones de videovigilancia adaptadas a tus necesidades. M\u00e1s de 30 a\u00f1os de experiencia nos avalan en la instalaci\u00f3n de sistemas CCTV de alta calidad&hellip;<\/p>\n","protected":false},"author":1,"featured_media":0,"parent":0,"menu_order":0,"comment_status":"closed","ping_status":"closed","template":"","meta":{"footnotes":""},"class_list":["post-442","page","type-page","status-publish","hentry"],"_links":{"self":[{"href":"http:\/\/altel.mx\/altelcdjz\/wp-json\/wp\/v2\/pages\/442","targetHints":{"allow":["GET"]}}],"collection":[{"href":"http:\/\/altel.mx\/altelcdjz\/wp-json\/wp\/v2\/pages"}],"about":[{"href":"http:\/\/altel.mx\/altelcdjz\/wp-json\/wp\/v2\/types\/page"}],"author":[{"embeddable":true,"href":"http:\/\/altel.mx\/altelcdjz\/wp-json\/wp\/v2\/users\/1"}],"replies":[{"embeddable":true,"href":"http:\/\/altel.mx\/altelcdjz\/wp-json\/wp\/v2\/comments?post=442"}],"version-history":[{"count":70,"href":"http:\/\/altel.mx\/altelcdjz\/wp-json\/wp\/v2\/pages\/442\/revisions"}],"predecessor-version":[{"id":792,"href":"http:\/\/altel.mx\/altelcdjz\/wp-json\/wp\/v2\/pages\/442\/revisions\/792"}],"wp:attachment":[{"href":"http:\/\/altel.mx\/altelcdjz\/wp-json\/wp\/v2\/media?parent=442"}],"curies":[{"name":"wp","href":"https:\/\/api.w.org\/{rel}","templated":true}]}}