{"id":548,"date":"2025-08-09T21:02:00","date_gmt":"2025-08-09T19:02:00","guid":{"rendered":"http:\/\/altel.mx\/altelcdjz\/?page_id=548"},"modified":"2025-09-06T19:58:31","modified_gmt":"2025-09-06T17:58:31","slug":"control-de-acceso","status":"publish","type":"page","link":"http:\/\/altel.mx\/altelcdjz\/control-de-acceso\/","title":{"rendered":"Control de Acceso"},"content":{"rendered":"\t\t<div data-elementor-type=\"wp-page\" data-elementor-id=\"548\" class=\"elementor elementor-548\">\n\t\t\t\t<div class=\"elementor-element elementor-element-fd17ef3 e-flex e-con-boxed e-con e-parent\" data-id=\"fd17ef3\" data-element_type=\"container\">\n\t\t\t\t\t<div class=\"e-con-inner\">\n\t\t\t\t<div class=\"elementor-element elementor-element-75e5e89 elementor-widget elementor-widget-text-editor\" data-id=\"75e5e89\" data-element_type=\"widget\" data-widget_type=\"text-editor.default\">\n\t\t\t\t\t\t\t\t\t<div class=\"access-control-container\"><p><!-- Hero --><\/p><section class=\"access-hero\"><div class=\"access-hero-content\"><h1>CONTROL DE ACCESO<\/h1><p>En Alarmas Altel velamos por tu bienestar y el de tu negocio. Ofrecemos dispositivos de la m\u00e1s alta calidad y al mejor precio para que tanto t\u00fa como tus empleados est\u00e9n siempre protegidos.<\/p><\/div><\/section><p><!-- Chapas Magn\u00e9ticas --><\/p><section class=\"access-section\"><div class=\"access-text\"><h2>CHAPAS MAGN\u00c9TICAS<\/h2><p>Controla el acceso de entrada a tu negocio mediante chapas magn\u00e9ticas. Este sistema consiste en una placa met\u00e1lica colocada en la puerta y un electroim\u00e1n en el marco, que mantendr\u00e1 cerrado el acceso mientras circule corriente el\u00e9ctrica. La apertura se realiza mediante un bot\u00f3n.<\/p><h3>Incluye:<\/h3><ul><li>Fuente de poder<\/li><li>Chapa magn\u00e9tica<\/li><li>Bot\u00f3n de apertura<\/li><li>Instalaci\u00f3n por t\u00e9cnicos capacitados<\/li><\/ul><h3>Accesorios opcionales:<\/h3><ul><li>Control remoto<\/li><li>Botones de apertura<\/li><li>Fuente de poder<\/li><\/ul><\/div><div class=\"access-image\"><img decoding=\"async\" src=\"http:\/\/altel.mx\/altelcdjz\/wp-content\/uploads\/2025\/08\/chapa.jpg\" \/><\/div><\/section><p><!-- Videoportero --><\/p><section class=\"access-section reverse\"><div class=\"access-text\"><h2>VIDEOPORTERO<\/h2><p>Controla el acceso a tu domicilio o negocio mediante comunicaci\u00f3n audiovisual entre el interior y el exterior. Este sistema incluye un frente de calle con micr\u00f3fono y c\u00e1mara, que transmite im\u00e1genes al panel interior, desde el cual puedes abrir la puerta.<\/p><\/div><div class=\"access-image\"><img decoding=\"async\" src=\"http:\/\/altel.mx\/altelcdjz\/wp-content\/uploads\/2025\/08\/videoportero-hikvision.jpg\" \/><\/div><\/section><p><!-- Reloj Checador Biom\u00e9trico --><\/p><section class=\"access-section\"><div class=\"access-text\"><h2>RELOJ CHECADOR BIOM\u00c9TRICO<\/h2><p>Controla las asistencias de tus empleados de forma sencilla. Da de alta a tu personal en el reloj digital y gestiona los registros mediante su software. Controla entradas y salidas, genera reportes y establece horarios.<\/p><\/div><div class=\"access-image\"><img decoding=\"async\" src=\"http:\/\/altel.mx\/altelcdjz\/wp-content\/uploads\/2025\/08\/reloj.webp\" \/><\/div><\/section><\/div>\t\t\t\t\t\t\t\t<\/div>\n\t\t\t\t\t<\/div>\n\t\t\t\t<\/div>\n\t\t\t\t<\/div>\n\t\t","protected":false},"excerpt":{"rendered":"<p>CONTROL DE ACCESO En Alarmas Altel velamos por tu bienestar y el de tu negocio. Ofrecemos dispositivos de la m\u00e1s alta calidad y al mejor precio para que tanto t\u00fa&hellip;<\/p>\n","protected":false},"author":1,"featured_media":0,"parent":0,"menu_order":0,"comment_status":"closed","ping_status":"closed","template":"","meta":{"footnotes":""},"class_list":["post-548","page","type-page","status-publish","hentry"],"_links":{"self":[{"href":"http:\/\/altel.mx\/altelcdjz\/wp-json\/wp\/v2\/pages\/548","targetHints":{"allow":["GET"]}}],"collection":[{"href":"http:\/\/altel.mx\/altelcdjz\/wp-json\/wp\/v2\/pages"}],"about":[{"href":"http:\/\/altel.mx\/altelcdjz\/wp-json\/wp\/v2\/types\/page"}],"author":[{"embeddable":true,"href":"http:\/\/altel.mx\/altelcdjz\/wp-json\/wp\/v2\/users\/1"}],"replies":[{"embeddable":true,"href":"http:\/\/altel.mx\/altelcdjz\/wp-json\/wp\/v2\/comments?post=548"}],"version-history":[{"count":16,"href":"http:\/\/altel.mx\/altelcdjz\/wp-json\/wp\/v2\/pages\/548\/revisions"}],"predecessor-version":[{"id":801,"href":"http:\/\/altel.mx\/altelcdjz\/wp-json\/wp\/v2\/pages\/548\/revisions\/801"}],"wp:attachment":[{"href":"http:\/\/altel.mx\/altelcdjz\/wp-json\/wp\/v2\/media?parent=548"}],"curies":[{"name":"wp","href":"https:\/\/api.w.org\/{rel}","templated":true}]}}