{"id":571,"date":"2025-08-09T21:37:57","date_gmt":"2025-08-09T19:37:57","guid":{"rendered":"http:\/\/altel.mx\/altelcdjz\/?page_id=571"},"modified":"2025-09-06T19:40:32","modified_gmt":"2025-09-06T17:40:32","slug":"localizadores-gps","status":"publish","type":"page","link":"http:\/\/altel.mx\/altelcdjz\/localizadores-gps\/","title":{"rendered":"Localizadores GPS"},"content":{"rendered":"\t\t<div data-elementor-type=\"wp-page\" data-elementor-id=\"571\" class=\"elementor elementor-571\">\n\t\t\t\t<div class=\"elementor-element elementor-element-6000816 e-flex e-con-boxed e-con e-parent\" data-id=\"6000816\" data-element_type=\"container\">\n\t\t\t\t\t<div class=\"e-con-inner\">\n\t\t\t\t<div class=\"elementor-element elementor-element-9f54942 elementor-widget elementor-widget-text-editor\" data-id=\"9f54942\" data-element_type=\"widget\" data-widget_type=\"text-editor.default\">\n\t\t\t\t\t\t\t\t\t<div class=\"gps-section\"><div class=\"gps-container\"><div class=\"gps-text\"><h2>LOCALIZADORES GPS<\/h2><p>Localiza tu veh\u00edculo en tiempo real con nuestro localizador GPS de alta precisi\u00f3n.<\/p><p>Obt\u00e9n alertas instant\u00e1neas, historial de rutas y reportes detallados para mantener tu flotilla o auto siempre seguro.<\/p><p>F\u00e1cil instalaci\u00f3n y monitoreo desde tu celular o computadora, con tecnolog\u00eda confiable y soporte continuo.<\/p><\/div><div class=\"gps-image\"><p><img decoding=\"async\" src=\"http:\/\/altel.mx\/altelcdjz\/wp-content\/uploads\/2025\/08\/GPS_altel.jpg\" \/><\/p><\/div><\/div><\/div>\t\t\t\t\t\t\t\t<\/div>\n\t\t\t\t\t<\/div>\n\t\t\t\t<\/div>\n\t\t\t\t<\/div>\n\t\t","protected":false},"excerpt":{"rendered":"<p>LOCALIZADORES GPS Localiza tu veh\u00edculo en tiempo real con nuestro localizador GPS de alta precisi\u00f3n. Obt\u00e9n alertas instant\u00e1neas, historial de rutas y reportes detallados para mantener tu flotilla o auto&hellip;<\/p>\n","protected":false},"author":1,"featured_media":0,"parent":0,"menu_order":0,"comment_status":"closed","ping_status":"closed","template":"","meta":{"footnotes":""},"class_list":["post-571","page","type-page","status-publish","hentry"],"_links":{"self":[{"href":"http:\/\/altel.mx\/altelcdjz\/wp-json\/wp\/v2\/pages\/571","targetHints":{"allow":["GET"]}}],"collection":[{"href":"http:\/\/altel.mx\/altelcdjz\/wp-json\/wp\/v2\/pages"}],"about":[{"href":"http:\/\/altel.mx\/altelcdjz\/wp-json\/wp\/v2\/types\/page"}],"author":[{"embeddable":true,"href":"http:\/\/altel.mx\/altelcdjz\/wp-json\/wp\/v2\/users\/1"}],"replies":[{"embeddable":true,"href":"http:\/\/altel.mx\/altelcdjz\/wp-json\/wp\/v2\/comments?post=571"}],"version-history":[{"count":16,"href":"http:\/\/altel.mx\/altelcdjz\/wp-json\/wp\/v2\/pages\/571\/revisions"}],"predecessor-version":[{"id":789,"href":"http:\/\/altel.mx\/altelcdjz\/wp-json\/wp\/v2\/pages\/571\/revisions\/789"}],"wp:attachment":[{"href":"http:\/\/altel.mx\/altelcdjz\/wp-json\/wp\/v2\/media?parent=571"}],"curies":[{"name":"wp","href":"https:\/\/api.w.org\/{rel}","templated":true}]}}