{"id":600,"date":"2025-08-09T22:28:33","date_gmt":"2025-08-09T20:28:33","guid":{"rendered":"http:\/\/altel.mx\/altelcdjz\/?page_id=600"},"modified":"2025-09-06T19:52:44","modified_gmt":"2025-09-06T17:52:44","slug":"energia-altel","status":"publish","type":"page","link":"http:\/\/altel.mx\/altelcdjz\/energia-altel\/","title":{"rendered":"Energ\u00eda Altel"},"content":{"rendered":"\t\t<div data-elementor-type=\"wp-page\" data-elementor-id=\"600\" class=\"elementor elementor-600\">\n\t\t\t\t<div class=\"elementor-element elementor-element-28627fa e-flex e-con-boxed e-con e-parent\" data-id=\"28627fa\" data-element_type=\"container\">\n\t\t\t\t\t<div class=\"e-con-inner\">\n\t\t\t\t<div class=\"elementor-element elementor-element-e8d725d elementor-widget elementor-widget-text-editor\" data-id=\"e8d725d\" data-element_type=\"widget\" data-widget_type=\"text-editor.default\">\n\t\t\t\t\t\t\t\t\t<div class=\"energia-altel-container\">\n<h1>Energia Altel<\/h1>\n<p><!-- Introducci\u00f3n texto ancho completo --><\/p>\n<section class=\"energia-intro-fullwidth\">Altel es una empresa dedicada a desarrollar e integrar proyectos de energ\u00eda 100% renovable. Utilizando la mejor tecnolog\u00eda de eficiencia energ\u00e9tica para alumbrado, la energ\u00eda del sol, as\u00ed como la energ\u00eda del aire son su principal herramienta para la generaci\u00f3n de energ\u00eda.<\/section><section class=\"energia-intro-fullwidth\"><br><\/section>\n<section class=\"energia-intro-fullwidth\"><\/section>\n<section class=\"energia-intro-fullwidth\"><\/section>\n<section class=\"energia-intro-fullwidth\"><\/section>\n<section class=\"energia-intro-fullwidth\"><\/section>\n<section class=\"energia-section\">\n<h2>\u00bfC\u00f3mo Funciona La Energ\u00eda Solar?<\/h2>\n<p>Los m\u00f3dulos Solares est\u00e1n hechos de silicio mezclado con otros materiales (como f\u00f3sforo y boro) que generan cargas el\u00e9ctricas positivas y negativas. Esto es as\u00ed porque se deben crear cargas positivas y negativas para generar la electricidad.<\/p>\n<\/section>\n<section class=\"energia-section\">\n<h2>\u00bfQu\u00e9 es la tarifa DAC?<\/h2>\n<p>La tarifa \u201cDom\u00e9stica de Alto Consumo\u201d conocida tambi\u00e9n como tarifa DAC, es la tarifa m\u00e1s cara de la Comisi\u00f3n Federal de Electricidad (CFE) para el sector dom\u00e9stico o residencial. Lib\u00e9rate de la tarifa DAC. En las tarifas dom\u00e9sticas, al tener un consumo excedente al permitido en la zona se le denomina DAC. Esto ocasiona que la Aportaci\u00f3n Gubernamental no aplique y el precio de Kwh sea hasta de $3.70 pesos. Al instalar un sistema solar tu recibo reflejar\u00e1 autom\u00e1ticamente los cambios.<\/p>\n<\/section>\n<section class=\"energia-section\">\n<h2>SISTEMAS INTERCONECTADOS A LA RED<\/h2>\n<p>Este esquema nos permite dar a conocer c\u00f3mo generar nuestra propia energ\u00eda el\u00e9ctrica e inyectar a la red de CFE el excedente a trav\u00e9s de un contrato de interconexi\u00f3n mediante el esquema de medici\u00f3n Neta.<\/p>\n<\/section>\n<section class=\"energia-section\">\n<h2>Beneficios<\/h2>\n<ul>\n<li>Pago m\u00ednimo a la CFE.<\/li>\n<li>Equipo garantizado.<\/li>\n<li>Aumenta el valor de su propiedad.<\/li>\n<li>Duraci\u00f3n de vida del equipo 30 a\u00f1os garantizados.<\/li>\n<\/ul>\n<\/section>\n<section class=\"energia-marcas\">\n<h2>Marcas con las que trabajamos<\/h2>\n<div class=\"marca-logos\"><img fetchpriority=\"high\" decoding=\"async\" class=\"alignnone size-medium wp-image-610\" src=\"http:\/\/altel.mx\/altelcdjz\/wp-content\/uploads\/2025\/08\/fronius-logo-png-transparent.png\" alt=\"\" width=\"300\" height=\"300\" srcset=\"http:\/\/altel.mx\/altelcdjz\/wp-content\/uploads\/2025\/08\/fronius-logo-png-transparent.png 2400w, http:\/\/altel.mx\/altelcdjz\/wp-content\/uploads\/2025\/08\/fronius-logo-png-transparent-300x300.png 300w, http:\/\/altel.mx\/altelcdjz\/wp-content\/uploads\/2025\/08\/fronius-logo-png-transparent-1024x1024.png 1024w, http:\/\/altel.mx\/altelcdjz\/wp-content\/uploads\/2025\/08\/fronius-logo-png-transparent-150x150.png 150w, http:\/\/altel.mx\/altelcdjz\/wp-content\/uploads\/2025\/08\/fronius-logo-png-transparent-768x768.png 768w, http:\/\/altel.mx\/altelcdjz\/wp-content\/uploads\/2025\/08\/fronius-logo-png-transparent-1536x1536.png 1536w, http:\/\/altel.mx\/altelcdjz\/wp-content\/uploads\/2025\/08\/fronius-logo-png-transparent-2048x2048.png 2048w\" sizes=\"(max-width: 300px) 100vw, 300px\" \/> <img decoding=\"async\" class=\"alignnone size-medium wp-image-611\" src=\"http:\/\/altel.mx\/altelcdjz\/wp-content\/uploads\/2025\/08\/lof.png\" alt=\"\" width=\"300\" height=\"140\" srcset=\"http:\/\/altel.mx\/altelcdjz\/wp-content\/uploads\/2025\/08\/lof.png 900w, http:\/\/altel.mx\/altelcdjz\/wp-content\/uploads\/2025\/08\/lof-300x140.png 300w, http:\/\/altel.mx\/altelcdjz\/wp-content\/uploads\/2025\/08\/lof-768x358.png 768w\" sizes=\"(max-width: 300px) 100vw, 300px\" \/> <img decoding=\"async\" class=\"alignnone size-medium wp-image-612\" src=\"http:\/\/altel.mx\/altelcdjz\/wp-content\/uploads\/2025\/08\/Canadian-Solar-1.png\" alt=\"\" width=\"300\" height=\"150\" srcset=\"http:\/\/altel.mx\/altelcdjz\/wp-content\/uploads\/2025\/08\/Canadian-Solar-1.png 800w, http:\/\/altel.mx\/altelcdjz\/wp-content\/uploads\/2025\/08\/Canadian-Solar-1-300x150.png 300w, http:\/\/altel.mx\/altelcdjz\/wp-content\/uploads\/2025\/08\/Canadian-Solar-1-768x384.png 768w\" sizes=\"(max-width: 300px) 100vw, 300px\" \/> <img loading=\"lazy\" decoding=\"async\" class=\"alignnone size-medium wp-image-614\" src=\"http:\/\/altel.mx\/altelcdjz\/wp-content\/uploads\/2025\/08\/SMA-LOGO-600x600-1.png\" alt=\"\" width=\"300\" height=\"300\" srcset=\"http:\/\/altel.mx\/altelcdjz\/wp-content\/uploads\/2025\/08\/SMA-LOGO-600x600-1.png 600w, http:\/\/altel.mx\/altelcdjz\/wp-content\/uploads\/2025\/08\/SMA-LOGO-600x600-1-300x300.png 300w, http:\/\/altel.mx\/altelcdjz\/wp-content\/uploads\/2025\/08\/SMA-LOGO-600x600-1-150x150.png 150w\" sizes=\"(max-width: 300px) 100vw, 300px\" \/> <img loading=\"lazy\" decoding=\"async\" class=\"alignnone size-medium wp-image-685\" src=\"http:\/\/altel.mx\/altelcdjz\/wp-content\/uploads\/2025\/09\/l3-1.png\" alt=\"\" width=\"300\" height=\"100\" srcset=\"http:\/\/altel.mx\/altelcdjz\/wp-content\/uploads\/2025\/09\/l3-1.png 2500w, http:\/\/altel.mx\/altelcdjz\/wp-content\/uploads\/2025\/09\/l3-1-300x100.png 300w, http:\/\/altel.mx\/altelcdjz\/wp-content\/uploads\/2025\/09\/l3-1-1024x342.png 1024w, http:\/\/altel.mx\/altelcdjz\/wp-content\/uploads\/2025\/09\/l3-1-768x256.png 768w, http:\/\/altel.mx\/altelcdjz\/wp-content\/uploads\/2025\/09\/l3-1-1536x512.png 1536w, http:\/\/altel.mx\/altelcdjz\/wp-content\/uploads\/2025\/09\/l3-1-2048x683.png 2048w\" sizes=\"(max-width: 300px) 100vw, 300px\" \/><\/div>\n<\/section>\n<\/div>\t\t\t\t\t\t\t\t<\/div>\n\t\t\t\t\t<\/div>\n\t\t\t\t<\/div>\n\t\t\t\t<\/div>\n\t\t","protected":false},"excerpt":{"rendered":"<p>Energia Altel Altel es una empresa dedicada a desarrollar e integrar proyectos de energ\u00eda 100% renovable. Utilizando la mejor tecnolog\u00eda de eficiencia energ\u00e9tica para alumbrado, la energ\u00eda del sol, as\u00ed&hellip;<\/p>\n","protected":false},"author":1,"featured_media":0,"parent":0,"menu_order":0,"comment_status":"closed","ping_status":"closed","template":"","meta":{"footnotes":""},"class_list":["post-600","page","type-page","status-publish","hentry"],"_links":{"self":[{"href":"http:\/\/altel.mx\/altelcdjz\/wp-json\/wp\/v2\/pages\/600","targetHints":{"allow":["GET"]}}],"collection":[{"href":"http:\/\/altel.mx\/altelcdjz\/wp-json\/wp\/v2\/pages"}],"about":[{"href":"http:\/\/altel.mx\/altelcdjz\/wp-json\/wp\/v2\/types\/page"}],"author":[{"embeddable":true,"href":"http:\/\/altel.mx\/altelcdjz\/wp-json\/wp\/v2\/users\/1"}],"replies":[{"embeddable":true,"href":"http:\/\/altel.mx\/altelcdjz\/wp-json\/wp\/v2\/comments?post=600"}],"version-history":[{"count":31,"href":"http:\/\/altel.mx\/altelcdjz\/wp-json\/wp\/v2\/pages\/600\/revisions"}],"predecessor-version":[{"id":798,"href":"http:\/\/altel.mx\/altelcdjz\/wp-json\/wp\/v2\/pages\/600\/revisions\/798"}],"wp:attachment":[{"href":"http:\/\/altel.mx\/altelcdjz\/wp-json\/wp\/v2\/media?parent=600"}],"curies":[{"name":"wp","href":"https:\/\/api.w.org\/{rel}","templated":true}]}}